{"id":7256,"date":"2024-07-17T16:33:06","date_gmt":"2024-07-17T14:34:14","guid":{"rendered":"https:\/\/shop.elitestone.it\/product\/tagliere\/"},"modified":"2024-07-28T09:51:39","modified_gmt":"2024-07-28T07:51:39","slug":"tagliere","status":"publish","type":"product","link":"https:\/\/shop.elitestone.it\/it\/prodotto\/tagliere\/","title":{"rendered":"Tagliere"},"content":{"rendered":"","protected":false},"excerpt":{"rendered":"<p>Un tagliere \u00e8 uno strumento essenziale in cucina, utilizzato per una variet\u00e0 di attivit\u00e0 di preparazione degli alimenti. La sua superficie resistente consente di tagliare, affettare e sminuzzare gli ingredienti in modo sicuro ed efficiente. <strong>Misure: D 45 x L 50 x H1 0 cm <\/strong><br \/><strong>I costi di spedizione variano a seconda del paese di spedizione.<\/strong><\/p>\n","protected":false},"featured_media":7255,"template":"","meta":{"om_disable_all_campaigns":false},"product_cat":[546,542,537],"product_tag":[],"class_list":{"0":"post-7256","1":"product","2":"type-product","3":"status-publish","4":"has-post-thumbnail","6":"product_cat-accessori","7":"product_cat-barbecue-it","8":"product_cat-outdoor-2","10":"first","11":"instock","12":"shipping-taxable","13":"product-type-simple"},"aioseo_notices":[],"_links":{"self":[{"href":"https:\/\/shop.elitestone.it\/it\/wp-json\/wp\/v2\/product\/7256","targetHints":{"allow":["GET"]}}],"collection":[{"href":"https:\/\/shop.elitestone.it\/it\/wp-json\/wp\/v2\/product"}],"about":[{"href":"https:\/\/shop.elitestone.it\/it\/wp-json\/wp\/v2\/types\/product"}],"wp:featuredmedia":[{"embeddable":true,"href":"https:\/\/shop.elitestone.it\/it\/wp-json\/wp\/v2\/media\/7255"}],"wp:attachment":[{"href":"https:\/\/shop.elitestone.it\/it\/wp-json\/wp\/v2\/media?parent=7256"}],"wp:term":[{"taxonomy":"product_cat","embeddable":true,"href":"https:\/\/shop.elitestone.it\/it\/wp-json\/wp\/v2\/product_cat?post=7256"},{"taxonomy":"product_tag","embeddable":true,"href":"https:\/\/shop.elitestone.it\/it\/wp-json\/wp\/v2\/product_tag?post=7256"}],"curies":[{"name":"wp","href":"https:\/\/api.w.org\/{rel}","templated":true}]}}