{"id":7209,"date":"2024-07-17T15:17:52","date_gmt":"2024-07-17T13:19:22","guid":{"rendered":"https:\/\/shop.elitestone.it\/product\/tavolino-in-legno-di-teak\/"},"modified":"2024-07-29T15:44:05","modified_gmt":"2024-07-29T13:44:05","slug":"tavolino-in-legno-di-teak","status":"publish","type":"product","link":"https:\/\/shop.elitestone.it\/it\/prodotto\/tavolino-in-legno-di-teak\/","title":{"rendered":"Tavolino in legno di teak"},"content":{"rendered":"","protected":false},"excerpt":{"rendered":"<p>Un tavolino in teak per ambienti esterni \u00e8 un&#8217;aggiunta sofisticata e resistente a qualsiasi patio o giardino. Noto per il suo aspetto elegante e l&#8217;eccezionale resistenza agli agenti atmosferici, il legno di teak \u00e8 la scelta migliore per i mobili da esterno grazie ai suoi oli naturali che lo proteggono dall&#8217;umidit\u00e0 e dai parassiti, garantendo longevit\u00e0 con una manutenzione minima. Materiale: legno di teak<br \/>\nMisure:<br \/>\nDimensioni: 122 x 81 x 23 cm<br \/>\nPer il futuro, la Commissione europea ha deciso di<br \/>\nDimensione del prodotto: W193 x D81 x H23 cm<br \/>\n<b>Spedizione max in 7-8 settimane<\/b><br \/>\n<b>I costi di spedizione variano a seconda del paese di spedizione.<\/b><\/p>\n","protected":false},"featured_media":7206,"template":"","meta":{"om_disable_all_campaigns":false},"product_cat":[557,537,547],"product_tag":[],"class_list":{"0":"post-7209","1":"product","2":"type-product","3":"status-publish","4":"has-post-thumbnail","6":"product_cat-all-it","7":"product_cat-outdoor-2","8":"product_cat-outdoor-lounge","10":"first","11":"instock","12":"shipping-taxable","13":"purchasable","14":"product-type-variable"},"aioseo_notices":[],"_links":{"self":[{"href":"https:\/\/shop.elitestone.it\/it\/wp-json\/wp\/v2\/product\/7209","targetHints":{"allow":["GET"]}}],"collection":[{"href":"https:\/\/shop.elitestone.it\/it\/wp-json\/wp\/v2\/product"}],"about":[{"href":"https:\/\/shop.elitestone.it\/it\/wp-json\/wp\/v2\/types\/product"}],"wp:featuredmedia":[{"embeddable":true,"href":"https:\/\/shop.elitestone.it\/it\/wp-json\/wp\/v2\/media\/7206"}],"wp:attachment":[{"href":"https:\/\/shop.elitestone.it\/it\/wp-json\/wp\/v2\/media?parent=7209"}],"wp:term":[{"taxonomy":"product_cat","embeddable":true,"href":"https:\/\/shop.elitestone.it\/it\/wp-json\/wp\/v2\/product_cat?post=7209"},{"taxonomy":"product_tag","embeddable":true,"href":"https:\/\/shop.elitestone.it\/it\/wp-json\/wp\/v2\/product_tag?post=7209"}],"curies":[{"name":"wp","href":"https:\/\/api.w.org\/{rel}","templated":true}]}}