{"id":7174,"date":"2024-07-16T14:37:56","date_gmt":"2024-07-16T12:43:20","guid":{"rendered":"https:\/\/shop.elitestone.it\/product\/divano-in-teak-con-cuscino-2\/"},"modified":"2024-07-29T15:09:09","modified_gmt":"2024-07-29T13:09:09","slug":"divano-in-teak-con-cuscino-2","status":"publish","type":"product","link":"https:\/\/shop.elitestone.it\/it\/prodotto\/divano-in-teak-con-cuscino-2\/","title":{"rendered":"Divano in teak con cuscino"},"content":{"rendered":"","protected":false},"excerpt":{"rendered":"<p>La nostra poltrona in teak con cuscino da esterno offre un mix di eleganza senza tempo e durata, combinando stile e funzionalit\u00e0. Realizzata in legno di teak di alta qualit\u00e0, questa poltrona \u00e8 progettata per resistere agli elementi atmosferici, offrendo il massimo comfort con il suo morbido cuscino. Posizionato in un giardino o in un patio, questo pezzo aggiunge un tocco di raffinatezza e relax a qualsiasi area esterna. Materiali: Teak massiccio e cuscino 16cm Misure: W84 x D84 x H80 cm<br \/>\n<strong>Spedisce max in 7-8 settimane<\/strong><br \/>\n<b>I costi di spedizione variano a second<\/b><b>a del paese di destinazione.<\/b><\/p>\n","protected":false},"featured_media":7167,"template":"","meta":{"om_disable_all_campaigns":false},"product_cat":[537,547],"product_tag":[],"class_list":{"0":"post-7174","1":"product","2":"type-product","3":"status-publish","4":"has-post-thumbnail","6":"product_cat-outdoor-2","7":"product_cat-outdoor-lounge","9":"first","10":"instock","11":"shipping-taxable","12":"product-type-simple"},"aioseo_notices":[],"_links":{"self":[{"href":"https:\/\/shop.elitestone.it\/it\/wp-json\/wp\/v2\/product\/7174","targetHints":{"allow":["GET"]}}],"collection":[{"href":"https:\/\/shop.elitestone.it\/it\/wp-json\/wp\/v2\/product"}],"about":[{"href":"https:\/\/shop.elitestone.it\/it\/wp-json\/wp\/v2\/types\/product"}],"wp:featuredmedia":[{"embeddable":true,"href":"https:\/\/shop.elitestone.it\/it\/wp-json\/wp\/v2\/media\/7167"}],"wp:attachment":[{"href":"https:\/\/shop.elitestone.it\/it\/wp-json\/wp\/v2\/media?parent=7174"}],"wp:term":[{"taxonomy":"product_cat","embeddable":true,"href":"https:\/\/shop.elitestone.it\/it\/wp-json\/wp\/v2\/product_cat?post=7174"},{"taxonomy":"product_tag","embeddable":true,"href":"https:\/\/shop.elitestone.it\/it\/wp-json\/wp\/v2\/product_tag?post=7174"}],"curies":[{"name":"wp","href":"https:\/\/api.w.org\/{rel}","templated":true}]}}