{"id":7165,"date":"2024-07-16T12:24:35","date_gmt":"2024-07-16T10:29:10","guid":{"rendered":"https:\/\/shop.elitestone.it\/product\/divano-in-teak-con-cuscino\/"},"modified":"2024-07-29T15:08:20","modified_gmt":"2024-07-29T13:08:20","slug":"divano-in-teak-con-cuscino","status":"publish","type":"product","link":"https:\/\/shop.elitestone.it\/it\/prodotto\/divano-in-teak-con-cuscino\/","title":{"rendered":"Divano in teak con cuscino"},"content":{"rendered":"","protected":false},"excerpt":{"rendered":"<p>Il divano in teak con cuscino per spazi esterni \u00e8 un perfetto connubio di funzionalit\u00e0 e stile. Realizzato in legno teak di alta qualit\u00e0 noto per la sua durata e resistenza agli agenti atmosferici, questo divano garantisce longevit\u00e0 in ambienti esterni. I morbidi cuscini offrono comfort mentre vi rilassate nella vostra oasi all&#8217;aperto. Il design elegante del divano in teak aggiunge raffinatezza a qualsiasi ambiente, patio o giardino, rendendolo una scelta saggia per coloro che cercano sia qualit\u00e0 che estetica nei loro mobili da esterno. Materiale: teak solido e cuscino 18cm<br \/>\nMisure:<br \/>\nDimensione del prodotto: W151,5 x D84 x H80 cm<br \/>\nDimensioni: 183 x 84 x 80 cm<br \/>\nDimensioni: 213 x 84 x 80 cm<br \/>\nPer ulteriori informazioni, rivolgersi a:<br \/>\nDimensione del prodotto: L 274 x D 84 x A 80 cm<br \/>\n<b>Spedisce max in 7-8 settimane<\/b><br \/>\n<b>I costi di spedizione variano a seconda del paese di spedizione.<\/b><\/p>\n","protected":false},"featured_media":7161,"template":"","meta":{"om_disable_all_campaigns":false},"product_cat":[537,547],"product_tag":[],"class_list":{"0":"post-7165","1":"product","2":"type-product","3":"status-publish","4":"has-post-thumbnail","6":"product_cat-outdoor-2","7":"product_cat-outdoor-lounge","9":"first","10":"instock","11":"shipping-taxable","12":"purchasable","13":"product-type-variable"},"aioseo_notices":[],"_links":{"self":[{"href":"https:\/\/shop.elitestone.it\/it\/wp-json\/wp\/v2\/product\/7165","targetHints":{"allow":["GET"]}}],"collection":[{"href":"https:\/\/shop.elitestone.it\/it\/wp-json\/wp\/v2\/product"}],"about":[{"href":"https:\/\/shop.elitestone.it\/it\/wp-json\/wp\/v2\/types\/product"}],"wp:featuredmedia":[{"embeddable":true,"href":"https:\/\/shop.elitestone.it\/it\/wp-json\/wp\/v2\/media\/7161"}],"wp:attachment":[{"href":"https:\/\/shop.elitestone.it\/it\/wp-json\/wp\/v2\/media?parent=7165"}],"wp:term":[{"taxonomy":"product_cat","embeddable":true,"href":"https:\/\/shop.elitestone.it\/it\/wp-json\/wp\/v2\/product_cat?post=7165"},{"taxonomy":"product_tag","embeddable":true,"href":"https:\/\/shop.elitestone.it\/it\/wp-json\/wp\/v2\/product_tag?post=7165"}],"curies":[{"name":"wp","href":"https:\/\/api.w.org\/{rel}","templated":true}]}}