{"id":6719,"date":"2024-07-02T09:48:53","date_gmt":"2024-07-02T07:48:53","guid":{"rendered":"https:\/\/shop.elitestone.it\/?post_type=product&#038;p=6719"},"modified":"2024-07-22T12:14:28","modified_gmt":"2024-07-22T10:14:28","slug":"barbecue-in-acciaio-verniciato-nero-con-griglia-quadrata","status":"publish","type":"product","link":"https:\/\/shop.elitestone.it\/it\/prodotto\/barbecue-in-acciaio-verniciato-nero-con-griglia-quadrata\/","title":{"rendered":"Barbecue in acciaio verniciato nero con griglia quadrata"},"content":{"rendered":"","protected":false},"excerpt":{"rendered":"<p>Questo barbecue in acciaio verniciato nero con griglia quadrata \u00e8 un compagno di cottura durevole ed efficiente per qualsiasi evento outdoor. Realizzato con materiali di alta qualit\u00e0, questo barbecue garantisce una distribuzione uniforme del calore e ottime capacit\u00e0 di cottura, perfetto per grigliare una variet\u00e0 di carni e verdure alla perfezione. \u00a0Che tu sia un esperto maestro della griglia o un principiante, questo barbecue superer\u00e0 le tue aspettative!<\/p>\n<p>Questa unit\u00e0 di cottura esterna \u00e8 composta da una base piramidale aperta per lo stoccaggio della legna e un piano di appoggio. \u00c8 realizzato in acciaio rivestito nero e include una piastra di cottura in acciaio.<\/p>\n<p>Dimensioni: D 100 x L 150 H 90 cm<br \/>\nPiastra: L100 x D100 cm<b><\/b><\/p>\n<p><b>Spedizione in massimo 7-8 settimane<\/b><br \/>\n<b>I costi di spedizione variano a seconda del Paese di consegna<\/b><\/p>\n","protected":false},"featured_media":6739,"template":"","meta":{"om_disable_all_campaigns":false},"product_cat":[557,542,537],"product_tag":[],"class_list":{"0":"post-6719","1":"product","2":"type-product","3":"status-publish","4":"has-post-thumbnail","6":"product_cat-all-it","7":"product_cat-barbecue-it","8":"product_cat-outdoor-2","10":"first","11":"instock","12":"shipping-taxable","13":"product-type-simple"},"aioseo_notices":[],"_links":{"self":[{"href":"https:\/\/shop.elitestone.it\/it\/wp-json\/wp\/v2\/product\/6719","targetHints":{"allow":["GET"]}}],"collection":[{"href":"https:\/\/shop.elitestone.it\/it\/wp-json\/wp\/v2\/product"}],"about":[{"href":"https:\/\/shop.elitestone.it\/it\/wp-json\/wp\/v2\/types\/product"}],"wp:featuredmedia":[{"embeddable":true,"href":"https:\/\/shop.elitestone.it\/it\/wp-json\/wp\/v2\/media\/6739"}],"wp:attachment":[{"href":"https:\/\/shop.elitestone.it\/it\/wp-json\/wp\/v2\/media?parent=6719"}],"wp:term":[{"taxonomy":"product_cat","embeddable":true,"href":"https:\/\/shop.elitestone.it\/it\/wp-json\/wp\/v2\/product_cat?post=6719"},{"taxonomy":"product_tag","embeddable":true,"href":"https:\/\/shop.elitestone.it\/it\/wp-json\/wp\/v2\/product_tag?post=6719"}],"curies":[{"name":"wp","href":"https:\/\/api.w.org\/{rel}","templated":true}]}}