{"id":6681,"date":"2024-07-01T15:16:49","date_gmt":"2024-07-01T13:16:49","guid":{"rendered":"https:\/\/shop.elitestone.it\/?post_type=product&#038;p=6681"},"modified":"2024-07-22T16:01:50","modified_gmt":"2024-07-22T14:01:50","slug":"barbecue-in-acciaio-corten-rotondo-quadrato","status":"publish","type":"product","link":"https:\/\/shop.elitestone.it\/it\/prodotto\/barbecue-in-acciaio-corten-rotondo-quadrato\/","title":{"rendered":"Barbecue in acciaio Corten Quadrato"},"content":{"rendered":"","protected":false},"excerpt":{"rendered":"<p>Il nuovo barbecue quadrato in acciaio Corten \u00e8 un&#8217;aggiunta elegante e resistente, perfetto per la cucina outdoor. Con la sua costruzione robusta e le sue propriet\u00e0 resistenti alla corrosione, questo barbecue quadrato in acciaio Corten \u00e8 ideale per chef professionisti e appassionati di cucina all&#8217;aperto alla ricerca di una soluzione di grigliatura affidabile ed elegante.<\/p>\n<p>Questa unit\u00e0 di cottura esterna \u00e8 composta da una base conica con accesso per la raccolta delle ceneri e una scodella. \u00c8 realizzata in acciaio Corten e include una piastra di cottura in acciaio.<\/p>\n<p>Materiale: acciaio corten e acciaio inossidabile 304<br \/>\nDimensioni: L100 x D100 x H90<br \/>\nPiastra: L100 x D100<\/p>\n<p><b>Spedizione in massimo 7-8 settimane<\/b><br \/>\n<b>I costi di spedizione variano a seconda del Paese di consegna<\/b><\/p>\n","protected":false},"featured_media":6692,"template":"","meta":{"om_disable_all_campaigns":false},"product_cat":[557,542,537],"product_tag":[],"class_list":{"0":"post-6681","1":"product","2":"type-product","3":"status-publish","4":"has-post-thumbnail","6":"product_cat-all-it","7":"product_cat-barbecue-it","8":"product_cat-outdoor-2","10":"first","11":"instock","12":"shipping-taxable","13":"product-type-simple"},"aioseo_notices":[],"_links":{"self":[{"href":"https:\/\/shop.elitestone.it\/it\/wp-json\/wp\/v2\/product\/6681","targetHints":{"allow":["GET"]}}],"collection":[{"href":"https:\/\/shop.elitestone.it\/it\/wp-json\/wp\/v2\/product"}],"about":[{"href":"https:\/\/shop.elitestone.it\/it\/wp-json\/wp\/v2\/types\/product"}],"wp:featuredmedia":[{"embeddable":true,"href":"https:\/\/shop.elitestone.it\/it\/wp-json\/wp\/v2\/media\/6692"}],"wp:attachment":[{"href":"https:\/\/shop.elitestone.it\/it\/wp-json\/wp\/v2\/media?parent=6681"}],"wp:term":[{"taxonomy":"product_cat","embeddable":true,"href":"https:\/\/shop.elitestone.it\/it\/wp-json\/wp\/v2\/product_cat?post=6681"},{"taxonomy":"product_tag","embeddable":true,"href":"https:\/\/shop.elitestone.it\/it\/wp-json\/wp\/v2\/product_tag?post=6681"}],"curies":[{"name":"wp","href":"https:\/\/api.w.org\/{rel}","templated":true}]}}