{"id":6673,"date":"2024-07-01T14:55:38","date_gmt":"2024-07-01T12:55:38","guid":{"rendered":"https:\/\/shop.elitestone.it\/?post_type=product&#038;p=6673"},"modified":"2024-07-28T09:37:10","modified_gmt":"2024-07-28T07:37:10","slug":"barbecue-in-acciaio-corten-rotondo","status":"publish","type":"product","link":"https:\/\/shop.elitestone.it\/it\/prodotto\/barbecue-in-acciaio-corten-rotondo\/","title":{"rendered":"Barbecue in acciaio Corten Rotondo"},"content":{"rendered":"","protected":false},"excerpt":{"rendered":"<p>Questo barbecue rotondo in acciaio Corten \u00e8 una scelta premium per gli appassionati di cucina all&#8217;aperto alla ricerca di stile e durata. Realizzato con acciaio Corten di alta qualit\u00e0, questo barbecue non solo emana eleganza moderna, ma vanta anche un&#8217;eccezionale resistenza alla corrosione e alle condizioni atmosferiche avverse. Il suo design arrotondato migliora la distribuzione del calore per risultati di cottura ottimali, combinando funzionalit\u00e0 ed estetica.<\/p>\n<p>Questa unit\u00e0 di cottura esterna \u00e8 composta da una base conica con accesso per la raccolta delle ceneri e un piano arrotondato. \u00c8 realizzata in acciaio Corten e include una piastra di cottura in acciaio.<\/p>\n<p>Materiale: acciaio corten e acciaio inossidabile 304<br \/>\nDimensioni: D100 x H100<br \/>\nPiastra: D 100<\/p>\n<p><b>Spedizione in massimo 7-8 settimane<\/b><br \/>\n<b>I costi di spedizione variano a seconda del Paese di consegna<\/b><\/p>\n","protected":false},"featured_media":6683,"template":"","meta":{"om_disable_all_campaigns":false},"product_cat":[557,542,537],"product_tag":[],"class_list":{"0":"post-6673","1":"product","2":"type-product","3":"status-publish","4":"has-post-thumbnail","6":"product_cat-all-it","7":"product_cat-barbecue-it","8":"product_cat-outdoor-2","10":"first","11":"instock","12":"shipping-taxable","13":"product-type-simple"},"aioseo_notices":[],"_links":{"self":[{"href":"https:\/\/shop.elitestone.it\/it\/wp-json\/wp\/v2\/product\/6673","targetHints":{"allow":["GET"]}}],"collection":[{"href":"https:\/\/shop.elitestone.it\/it\/wp-json\/wp\/v2\/product"}],"about":[{"href":"https:\/\/shop.elitestone.it\/it\/wp-json\/wp\/v2\/types\/product"}],"wp:featuredmedia":[{"embeddable":true,"href":"https:\/\/shop.elitestone.it\/it\/wp-json\/wp\/v2\/media\/6683"}],"wp:attachment":[{"href":"https:\/\/shop.elitestone.it\/it\/wp-json\/wp\/v2\/media?parent=6673"}],"wp:term":[{"taxonomy":"product_cat","embeddable":true,"href":"https:\/\/shop.elitestone.it\/it\/wp-json\/wp\/v2\/product_cat?post=6673"},{"taxonomy":"product_tag","embeddable":true,"href":"https:\/\/shop.elitestone.it\/it\/wp-json\/wp\/v2\/product_tag?post=6673"}],"curies":[{"name":"wp","href":"https:\/\/api.w.org\/{rel}","templated":true}]}}