{"id":6595,"date":"2024-07-01T10:17:34","date_gmt":"2024-07-01T08:17:34","guid":{"rendered":"https:\/\/shop.elitestone.it\/?post_type=product&#038;p=6595"},"modified":"2024-07-22T12:47:52","modified_gmt":"2024-07-22T10:47:52","slug":"corten-steel-barbecue","status":"publish","type":"product","link":"https:\/\/shop.elitestone.it\/it\/prodotto\/corten-steel-barbecue\/","title":{"rendered":"Barbecue in Corten"},"content":{"rendered":"","protected":false},"excerpt":{"rendered":"<p>Sei alla ricerca di un barbecue elegante e resistente per le tue giornate all&#8217;aperto? Il nostro barbecue in acciaio Corten \u00e8 proprio quello di cui hai bisogno. Realizzato con materiali di alta qualit\u00e0, questo barbecue \u00e8 costruito per durare e aggiungere un tocco di eleganza al tuo outdoor.<\/p>\n<p>L&#8217;unit\u00e0 di cottura per esterni \u00e8 dotata di una base aperta per conservare del legno, un cassetto per la raccolta delle ceneri e un cono. \u00c8 realizzato in acciaio Corten e include una piastra di cottura in acciaio.<\/p>\n<p>Materiale: acciaio Corten e acciaio 304<br \/>\nDimensioni: D 100 x H 100 cm o D 85 x H 100<br \/>\nPiastra: D 100 cm<\/p>\n<p><strong>Spedizione in massimo 7-8 settimane<\/strong><br \/>\n<strong>I costi di spedizione variano a seconda del Paese di consegna<\/strong><\/p>\n","protected":false},"featured_media":6596,"template":"","meta":{"om_disable_all_campaigns":false},"product_cat":[557,542,537],"product_tag":[],"class_list":{"0":"post-6595","1":"product","2":"type-product","3":"status-publish","4":"has-post-thumbnail","6":"product_cat-all-it","7":"product_cat-barbecue-it","8":"product_cat-outdoor-2","10":"first","11":"instock","12":"shipping-taxable","13":"purchasable","14":"product-type-variable"},"aioseo_notices":[],"_links":{"self":[{"href":"https:\/\/shop.elitestone.it\/it\/wp-json\/wp\/v2\/product\/6595","targetHints":{"allow":["GET"]}}],"collection":[{"href":"https:\/\/shop.elitestone.it\/it\/wp-json\/wp\/v2\/product"}],"about":[{"href":"https:\/\/shop.elitestone.it\/it\/wp-json\/wp\/v2\/types\/product"}],"wp:featuredmedia":[{"embeddable":true,"href":"https:\/\/shop.elitestone.it\/it\/wp-json\/wp\/v2\/media\/6596"}],"wp:attachment":[{"href":"https:\/\/shop.elitestone.it\/it\/wp-json\/wp\/v2\/media?parent=6595"}],"wp:term":[{"taxonomy":"product_cat","embeddable":true,"href":"https:\/\/shop.elitestone.it\/it\/wp-json\/wp\/v2\/product_cat?post=6595"},{"taxonomy":"product_tag","embeddable":true,"href":"https:\/\/shop.elitestone.it\/it\/wp-json\/wp\/v2\/product_tag?post=6595"}],"curies":[{"name":"wp","href":"https:\/\/api.w.org\/{rel}","templated":true}]}}