{"id":5141,"date":"2022-05-25T10:48:10","date_gmt":"2022-07-28T10:06:41","guid":{"rendered":"https:\/\/shop.elitestone.it\/product\/seattle-cucina\/"},"modified":"2024-07-28T11:20:51","modified_gmt":"2024-07-28T09:20:51","slug":"seattle-cucina","status":"publish","type":"product","link":"https:\/\/shop.elitestone.it\/it\/prodotto\/seattle-cucina\/","title":{"rendered":"Cucina Seattle in marmo"},"content":{"rendered":"","protected":false},"excerpt":{"rendered":"<p>Un elemento di design per valorizzare la parte pi\u00f9 importante della casa. Cucina dallo stile lussuoso e sofisticato che fonde elementi classici e moderni insieme. Il sistema di apertura a scomparsa rende questa cucina compatta un\u2019ottima scelta per gli ambienti pi\u00f9 piccoli. Ogni spazio \u00e8 sfruttato alla perfezione per permetterti di avere tutti i comfort in poco pi\u00f9 di 4m2 Finitura lucida retroilluminata, rivestimento in legno multistrato effetto marino,<br \/>\nPorte su misura anti graffio in pelle create a mano, pensili e top scorrevole superiore retroilluminati con tecnologia E-light.<br \/>\n<strong>Progettata da Tetyana Kovalenko<\/strong><br \/>\n&#8211; Rivestimento multistrato in legno a effetto marino.<br \/>\n&#8211; Pensili su misura in pelle anti graffio fatti a mano.<br \/>\n&#8211; Pensili e piano scorrevole retroilluminati con E-light.<br \/>\n&#8211; Piano di lavoro in Terra Antica<br \/>\n&#8211; Mobili e cantina Calacatta Borghini.<br \/>\n&#8211; Porte su misura in pelle e cuciture fatte a mano.<br \/>\n&#8211; Rivestimento erabile.<\/p>\n<p>Sistemi di apertura:<br \/>\n&#8211; Telecomando elettrico, cassetti a spinta.<br \/>\n&#8211; Sistema di apertura a scomparsa.<br \/>\n&#8211; Mobili Blum.<br \/>\n<strong>Altre misure e materiali sono disponibili su richiesta.<\/strong><br \/>\n<strong>\u20ac 15000 per gli elettrodomestici<\/strong><br \/>\n<strong>Dimensioni: <\/strong><br \/>\n<strong>Cucina: 4200 x 2320 x 740 mm<\/strong><br \/>\n<strong>Isola: 2400 x 1200 x 1080 mm<\/strong><br \/>\n<b>Spedizione in massimo 7-8 settimane<\/b><br \/>\n<b>I costi di spedizione variano a seconda del Paese di consegna<\/b><\/p>\n","protected":false},"featured_media":6312,"template":"","meta":{"om_disable_all_campaigns":false},"product_cat":[516,472,557],"product_tag":[353,438],"class_list":{"0":"post-5141","1":"product","2":"type-product","3":"status-publish","4":"has-post-thumbnail","6":"product_cat-cucina-it","7":"product_cat-cucine","8":"product_cat-all-it","9":"product_tag-calacatta-borghini-it","10":"product_tag-terra-antica-it","12":"first","13":"instock","14":"shipping-taxable","15":"product-type-simple"},"aioseo_notices":[],"_links":{"self":[{"href":"https:\/\/shop.elitestone.it\/it\/wp-json\/wp\/v2\/product\/5141","targetHints":{"allow":["GET"]}}],"collection":[{"href":"https:\/\/shop.elitestone.it\/it\/wp-json\/wp\/v2\/product"}],"about":[{"href":"https:\/\/shop.elitestone.it\/it\/wp-json\/wp\/v2\/types\/product"}],"wp:featuredmedia":[{"embeddable":true,"href":"https:\/\/shop.elitestone.it\/it\/wp-json\/wp\/v2\/media\/6312"}],"wp:attachment":[{"href":"https:\/\/shop.elitestone.it\/it\/wp-json\/wp\/v2\/media?parent=5141"}],"wp:term":[{"taxonomy":"product_cat","embeddable":true,"href":"https:\/\/shop.elitestone.it\/it\/wp-json\/wp\/v2\/product_cat?post=5141"},{"taxonomy":"product_tag","embeddable":true,"href":"https:\/\/shop.elitestone.it\/it\/wp-json\/wp\/v2\/product_tag?post=5141"}],"curies":[{"name":"wp","href":"https:\/\/api.w.org\/{rel}","templated":true}]}}