{"id":5121,"date":"2022-05-25T10:43:25","date_gmt":"2022-07-27T14:59:08","guid":{"rendered":"https:\/\/shop.elitestone.it\/product\/californication-cucina\/"},"modified":"2024-07-28T11:09:31","modified_gmt":"2024-07-28T09:09:31","slug":"cucina-californication","status":"publish","type":"product","link":"https:\/\/shop.elitestone.it\/it\/prodotto\/cucina-californication\/","title":{"rendered":"Cucina Californication in marmo"},"content":{"rendered":"","protected":false},"excerpt":{"rendered":"<p>Un elemento di design per valorizzare la parte pi\u00f9 importante della casa. Cucina dallo stile lussuoso e sofisticato che fonde elementi classici e moderni insieme. Il sistema di apertura a scomparsa rende questa cucina compatta un\u2019ottima scelta per gli ambienti pi\u00f9 piccoli. Ogni spazio \u00e8 sfruttato alla perfezione per permetterti di avere tutti i comfort in poco pi\u00f9 di 4m2 Finitura lucida retroilluminata, rivestimento in legno multistrato effetto marino,<br \/>\nPorte su misura anti graffio in pelle create a mano, pensili e top scorrevole superiore retroilluminati con tecnologia E-light.<br \/>\n<strong>Progettata da Tetyana Kovalenko<\/strong><br \/>\n\u2013 Work Top in Terra antica<br \/>\n\u2013 Mobili posteriori e cantina in Onice Black Coral<br \/>\n\u2013 Cuciture fatte a mano<br \/>\n\u2013 Rivestimento in acero<br \/>\n\u2013 Mobili Blum<br \/>\nSistema di apertura:<br \/>\n\u2013 Controllo da remoto<br \/>\n\u2013 Cassetti push pull<br \/>\n\u2013 Sistema di apertura a scomparsa<br \/>\n<strong>Dimensioni: <\/strong><br \/>\n<strong>Cucina: 4200 x 2308 x 740 mm<\/strong><br \/>\n<strong>Isola: 2160 x 1200 x 1050 mm<\/strong><br \/>\n<b>Spedizione in massimo 7-8 settimane<\/b><br \/>\n<b>I costi di spedizione variano a seconda del Paese di consegna<\/b><\/p>\n","protected":false},"featured_media":3786,"template":"","meta":{"om_disable_all_campaigns":false},"product_cat":[516,472,557],"product_tag":[369,468],"class_list":{"0":"post-5121","1":"product","2":"type-product","3":"status-publish","4":"has-post-thumbnail","6":"product_cat-cucina-it","7":"product_cat-cucine","8":"product_cat-all-it","9":"product_tag-coral-black-onice","10":"product_tag-perla-nera-it","12":"first","13":"instock","14":"shipping-taxable","15":"product-type-simple"},"aioseo_notices":[],"_links":{"self":[{"href":"https:\/\/shop.elitestone.it\/it\/wp-json\/wp\/v2\/product\/5121","targetHints":{"allow":["GET"]}}],"collection":[{"href":"https:\/\/shop.elitestone.it\/it\/wp-json\/wp\/v2\/product"}],"about":[{"href":"https:\/\/shop.elitestone.it\/it\/wp-json\/wp\/v2\/types\/product"}],"wp:featuredmedia":[{"embeddable":true,"href":"https:\/\/shop.elitestone.it\/it\/wp-json\/wp\/v2\/media\/3786"}],"wp:attachment":[{"href":"https:\/\/shop.elitestone.it\/it\/wp-json\/wp\/v2\/media?parent=5121"}],"wp:term":[{"taxonomy":"product_cat","embeddable":true,"href":"https:\/\/shop.elitestone.it\/it\/wp-json\/wp\/v2\/product_cat?post=5121"},{"taxonomy":"product_tag","embeddable":true,"href":"https:\/\/shop.elitestone.it\/it\/wp-json\/wp\/v2\/product_tag?post=5121"}],"curies":[{"name":"wp","href":"https:\/\/api.w.org\/{rel}","templated":true}]}}