{"id":3916,"date":"2022-05-13T11:30:41","date_gmt":"2022-07-21T07:00:29","guid":{"rendered":"https:\/\/shop.elitestone.it\/product\/decorazione-murale-3d-in-calacatta-borghini\/"},"modified":"2024-07-28T21:37:23","modified_gmt":"2024-07-28T19:37:23","slug":"3d-wall-decor-in-calacatta-borghini","status":"publish","type":"product","link":"https:\/\/shop.elitestone.it\/it\/prodotto\/3d-wall-decor-in-calacatta-borghini\/","title":{"rendered":"Decorazione 3D in Calacatta Borghini"},"content":{"rendered":"","protected":false},"excerpt":{"rendered":"<p>Originale rivestimento in Calacatta Borghini in cui la creativit\u00e0 supera i limiti della lavorazione della pietra.<\/p>\n<p>In ciascun componente vengono seguite le linee sottili e le venature disegnate da madre natura. Il risultato \u00e8 sorprendente. Le lastre di marmo sono ricostruite e combinate a livelli sfalsati per ricreare una scultura 3D con movimenti armoniosi di luci calde.<\/p>\n<p>L\u2019originalit\u00e0 \u00e8 un aspetto specifico di questo tipo di puzzle in marmo e offre una grande possibilit\u00e0 di personalizzazione. Questa fonte di luce calda ed elegante crea un ambiente tranquillo e piacevole.<\/p>\n<p><strong>Altre misure e materiali sono disponibili su richiesta.<\/strong><\/p>\n<p><strong>Dimensioni: 3460 x 2800 x 100 mm<\/strong><\/p>\n<p><strong>Spedizione in massimo 7-8 settimane<\/strong><br \/>\n<strong>I costi di spedizione variano a seconda del Paese di consegna<\/strong><\/p>\n","protected":false},"featured_media":3915,"template":"","meta":{"om_disable_all_campaigns":false},"product_cat":[351,349,352,557],"product_tag":[353],"class_list":{"0":"post-3916","1":"product","2":"type-product","3":"status-publish","4":"has-post-thumbnail","6":"product_cat-3d-walls-it","7":"product_cat-decorazioni","8":"product_cat-prodotti-disponibili","9":"product_cat-all-it","10":"product_tag-calacatta-borghini-it","12":"first","13":"instock","14":"featured","15":"shipping-taxable","16":"product-type-simple"},"aioseo_notices":[],"_links":{"self":[{"href":"https:\/\/shop.elitestone.it\/it\/wp-json\/wp\/v2\/product\/3916","targetHints":{"allow":["GET"]}}],"collection":[{"href":"https:\/\/shop.elitestone.it\/it\/wp-json\/wp\/v2\/product"}],"about":[{"href":"https:\/\/shop.elitestone.it\/it\/wp-json\/wp\/v2\/types\/product"}],"wp:featuredmedia":[{"embeddable":true,"href":"https:\/\/shop.elitestone.it\/it\/wp-json\/wp\/v2\/media\/3915"}],"wp:attachment":[{"href":"https:\/\/shop.elitestone.it\/it\/wp-json\/wp\/v2\/media?parent=3916"}],"wp:term":[{"taxonomy":"product_cat","embeddable":true,"href":"https:\/\/shop.elitestone.it\/it\/wp-json\/wp\/v2\/product_cat?post=3916"},{"taxonomy":"product_tag","embeddable":true,"href":"https:\/\/shop.elitestone.it\/it\/wp-json\/wp\/v2\/product_tag?post=3916"}],"curies":[{"name":"wp","href":"https:\/\/api.w.org\/{rel}","templated":true}]}}