{"id":5464,"date":"2022-08-01T15:14:01","date_gmt":"2022-08-01T13:14:01","guid":{"rendered":"https:\/\/shop.elitestone.it\/riparare-and-restaurazione\/"},"modified":"2022-08-05T14:25:12","modified_gmt":"2022-08-05T12:25:12","slug":"riparare-and-restaurazione","status":"publish","type":"page","link":"https:\/\/shop.elitestone.it\/it\/riparare-and-restaurazione\/","title":{"rendered":"Riparazione e restauro"},"content":{"rendered":"[vc_row css=&#8221;.vc_custom_1652945660634{padding-top: 200px !important;padding-bottom: 200px !important;background-image: url(https:\/\/shop.elitestone.it\/wp-content\/uploads\/2022\/05\/repair-restoration-header.jpg?id=2277) !important;background-position: center !important;background-repeat: no-repeat !important;background-size: cover !important;}&#8221;][vc_column width=&#8221;2\/3&#8243;][vc_custom_heading text=&#8221;Riparazione e restauro&#8221; font_container=&#8221;tag:h2|font_size:46|text_align:left|color:%23ffffff&#8221; use_theme_fonts=&#8221;yes&#8221; sub_heading_tag=&#8221;span&#8221;][\/vc_column][vc_column width=&#8221;1\/3&#8243;][\/vc_column][\/vc_row][vc_row css=&#8221;.vc_custom_1652777991752{margin-top: 70px !important;margin-bottom: 30px !important;}&#8221; el_class=&#8221;about-middle&#8221;][vc_column width=&#8221;1\/6&#8243;][\/vc_column][vc_column width=&#8221;2\/3&#8243;][vc_custom_heading text=&#8221;Riparazione e restauro&#8221; font_container=&#8221;tag:h2|font_size:32|text_align:center|color:%23000000&#8243; use_theme_fonts=&#8221;yes&#8221; sub_heading_tag=&#8221;span&#8221;][\/vc_column][vc_column width=&#8221;1\/6&#8243;][\/vc_column][\/vc_row][vc_row][vc_column width=&#8221;1\/6&#8243;][\/vc_column][vc_column width=&#8221;2\/3&#8243;][vc_column_text]La caratteristica molto importante della pietra naturale \u00e8 la sua <strong>completa restaurabilit\u00e0.<\/strong> Qualsiasi superficie o oggetto di marmo di qualsiasi et\u00e0 o usura pu\u00f2 tornare come nuovo nelle <strong>mani di un restauratore esperto.<\/strong><br \/>\nPer far ritornare un pavimento nuovo, non c\u2019\u00e8 bisogno di sostituire i marmi; \u00e8 sufficiente riaprire e stuccare le fughe, riparare i danni, togliere eventuali macchie, rilucidare con apposite macchine di lucidatura tutte le superfici e il pavimento torna nuovo come appena posato.[\/vc_column_text][vc_column_text]Anche oggetti in marmo <strong>completamente rotti possono essere ricomposti e strutturati da un esperto<\/strong>; in particolare i marmi venati si presentano come nuovi.<\/p>\n<p>Vi \u00e8 inoltre un falso mito sui marmi, ovvero che il marmo pi\u00f9 delicato sia quello bianco; in realt\u00e0, il marmo <strong>pi\u00f9 difficile da mantenere \u00e8 quello nero o scuro<\/strong>, dove i graffi si vedono immediatamente poich\u00e9 qualsiasi striscia sul marmo rimane di colore chiaro. Il marmo nero presenta spesso macchie di calcare, che non si notano invece sui marmi bianchi: questo \u00e8 il motivo per cui i marmi bianchi sono la scelta migliore per i bagni, che devono essere puliti solo meccanicamente con spugnette ruvide o d\u2019acciaio.[\/vc_column_text][\/vc_column][vc_column width=&#8221;1\/6&#8243;][\/vc_column][\/vc_row]\n","protected":false},"excerpt":{"rendered":"<p>[vc_row css=&#8221;.vc_custom_1652945660634{padding-top: 200px !important;padding-bottom: 200px !important;background-image: url(https:\/\/shop.elitestone.it\/wp-content\/uploads\/2022\/05\/repair-restoration-header.jpg?id=2277) !important;background-position: center !important;background-repeat: no-repeat !important;background-size: cover !important;}&#8221;][vc_column width=&#8221;2\/3&#8243;][vc_custom_heading text=&#8221;Riparazione e restauro&#8221; font_container=&#8221;tag:h2|font_size:46|text_align:left|color:%23ffffff&#8221; use_theme_fonts=&#8221;yes&#8221; sub_heading_tag=&#8221;span&#8221;][\/vc_column][vc_column width=&#8221;1\/3&#8243;][\/vc_column][\/vc_row][vc_row css=&#8221;.vc_custom_1652777991752{margin-top: 70px !important;margin-bottom: 30px !important;}&#8221; el_class=&#8221;about-middle&#8221;][vc_column width=&#8221;1\/6&#8243;][\/vc_column][vc_column width=&#8221;2\/3&#8243;][vc_custom_heading &hellip;<\/p>\n","protected":false},"author":1,"featured_media":0,"parent":0,"menu_order":0,"comment_status":"closed","ping_status":"closed","template":"page-templates\/page-template.php","meta":{"om_disable_all_campaigns":false,"footnotes":""},"class_list":["post-5464","page","type-page","status-publish","hentry"],"aioseo_notices":[],"_links":{"self":[{"href":"https:\/\/shop.elitestone.it\/it\/wp-json\/wp\/v2\/pages\/5464","targetHints":{"allow":["GET"]}}],"collection":[{"href":"https:\/\/shop.elitestone.it\/it\/wp-json\/wp\/v2\/pages"}],"about":[{"href":"https:\/\/shop.elitestone.it\/it\/wp-json\/wp\/v2\/types\/page"}],"author":[{"embeddable":true,"href":"https:\/\/shop.elitestone.it\/it\/wp-json\/wp\/v2\/users\/1"}],"replies":[{"embeddable":true,"href":"https:\/\/shop.elitestone.it\/it\/wp-json\/wp\/v2\/comments?post=5464"}],"version-history":[{"count":11,"href":"https:\/\/shop.elitestone.it\/it\/wp-json\/wp\/v2\/pages\/5464\/revisions"}],"predecessor-version":[{"id":5804,"href":"https:\/\/shop.elitestone.it\/it\/wp-json\/wp\/v2\/pages\/5464\/revisions\/5804"}],"wp:attachment":[{"href":"https:\/\/shop.elitestone.it\/it\/wp-json\/wp\/v2\/media?parent=5464"}],"curies":[{"name":"wp","href":"https:\/\/api.w.org\/{rel}","templated":true}]}}