{"id":5320,"date":"2022-08-01T09:56:22","date_gmt":"2022-08-01T07:56:22","guid":{"rendered":"https:\/\/shop.elitestone.it\/elite-stone\/"},"modified":"2022-08-05T14:09:01","modified_gmt":"2022-08-05T12:09:01","slug":"elite-stone","status":"publish","type":"page","link":"https:\/\/shop.elitestone.it\/it\/elite-stone\/","title":{"rendered":"Elite Stone"},"content":{"rendered":"[vc_row css=&#8221;.vc_custom_1652777410395{padding-top: 200px !important;padding-bottom: 200px !important;background-image: url(https:\/\/shop.elitestone.it\/wp-content\/uploads\/2022\/05\/Tetyana-marm-img-header-elite-stone-tiny.jpg?id=2048) !important;background-position: center !important;background-repeat: no-repeat !important;background-size: cover !important;}&#8221;][vc_column width=&#8221;2\/3&#8243;][vc_custom_heading text=&#8221;Selezioniamo personalmente i marmi pi\u00f9 pregiati per creare oggetti dal design esclusivo.&#8221; font_container=&#8221;tag:h2|font_size:46|text_align:left|color:%23ffffff&#8221; use_theme_fonts=&#8221;yes&#8221; sub_heading_tag=&#8221;span&#8221;][\/vc_column][vc_column width=&#8221;1\/3&#8243;][\/vc_column][\/vc_row][vc_row css=&#8221;.vc_custom_1652777991752{margin-top: 70px !important;margin-bottom: 30px !important;}&#8221; el_class=&#8221;about-middle&#8221;][vc_column][vc_custom_heading text=&#8221;Su di noi&#8221; font_container=&#8221;tag:h2|font_size:36|text_align:center|color:%23000000&#8243; use_theme_fonts=&#8221;yes&#8221; sub_heading_tag=&#8221;span&#8221;][\/vc_column][\/vc_row][vc_row][vc_column width=&#8221;1\/6&#8243;][\/vc_column][vc_column width=&#8221;2\/3&#8243;][vc_column_text]\n<p style=\"text-align: center;\">Elite Stone \u00e8 un&#8217;azienda italiana specializzata nella produzione e lavorazione di lastre di marmo per progetti di lusso. Trasformiamo lastre di pietra naturale di straordinaria finezza in prodotti unici per celebrare la bellezza del tuo ambiente.<\/p>\n[\/vc_column_text][\/vc_column][vc_column width=&#8221;1\/6&#8243;][\/vc_column][\/vc_row][vc_row gap=&#8221;35&#8243; equal_height=&#8221;yes&#8221; content_placement=&#8221;middle&#8221; css=&#8221;.vc_custom_1652785835201{margin-top: 70px !important;margin-bottom: 70px !important;}&#8221;][vc_column width=&#8221;1\/2&#8243;][vc_single_image image=&#8221;2047&#8243; img_size=&#8221;full&#8221; alignment=&#8221;center&#8221;][\/vc_column][vc_column width=&#8221;1\/2&#8243; css=&#8221;.vc_custom_1652785801010{margin-top: 20% !important;padding-right: 40px !important;padding-left: 40px !important;}&#8221;][vc_custom_heading text=&#8221;Creazioni uniche&#8221; font_container=&#8221;tag:h2|font_size:36|text_align:left|color:%23000000&#8243; use_theme_fonts=&#8221;yes&#8221; sub_heading_tag=&#8221;span&#8221;][vc_empty_space][vc_column_text]Elementi d&#8217;arredo, porte e diverse finiture per pavimenti e pareti sono la prova della nostra profonda conoscenza della pietra naturale e delle sue tecniche di lavorazione. I nostri prodotti dal design esclusivo ed elegante sono espressione di un perfetto equilibrio tra antiche tradizioni e tecnologie all&#8217;avanguardia.[\/vc_column_text][vc_empty_space][vc_btn title=&#8221;SCOPRI IL NEGOZIO&#8221; color=&#8221;white&#8221; custom_onclick=&#8221;true&#8221; css=&#8221;.vc_custom_1653644207916{border-top-width: 1px !important;border-right-width: 1px !important;border-bottom-width: 1px !important;border-left-width: 1px !important;border-left-color: #000000 !important;border-left-style: solid !important;border-right-color: #000000 !important;border-right-style: solid !important;border-top-color: #000000 !important;border-top-style: solid !important;border-bottom-color: #000000 !important;border-bottom-style: solid !important;}&#8221; link=&#8221;url:%2Fnegozio|&#8221;][\/vc_column][\/vc_row][vc_row css=&#8221;.vc_custom_1652785917590{padding-top: 150px !important;padding-bottom: 150px !important;background-image: url(https:\/\/shop.elitestone.it\/wp-content\/uploads\/2022\/05\/banner-es-tiny.jpg?id=2042) !important;background-position: center !important;background-repeat: no-repeat !important;background-size: cover !important;}&#8221;][vc_column width=&#8221;3\/4&#8243;][vc_custom_heading text=&#8221;L&#8217;ispirazione dei nostri artigiani reinventa la pietra naturale per deliziare intenditori e amanti delle belle arti e per caratterizzare gli spazi.&#8221; font_container=&#8221;tag:h3|font_size:30|text_align:left|color:%23ffffff&#8221; use_theme_fonts=&#8221;yes&#8221; sub_heading_tag=&#8221;span&#8221;][\/vc_column][vc_column width=&#8221;1\/4&#8243;][\/vc_column][\/vc_row][vc_row gap=&#8221;35&#8243; equal_height=&#8221;yes&#8221; content_placement=&#8221;middle&#8221; css=&#8221;.vc_custom_1652785835201{margin-top: 70px !important;margin-bottom: 70px !important;}&#8221;][vc_column width=&#8221;1\/2&#8243; css=&#8221;.vc_custom_1657793554385{margin-top: 20% !important;margin-bottom: 20px !important;padding-right: 40px !important;padding-left: 40px !important;}&#8221;][vc_empty_space][vc_column_text]\n<p class=\"p1\"><span class=\"s1\">Dal 2000, la fondatrice Tetyana Kovalenko ha trasmesso la sua vocazione per l&#8217;eccellenza nella creazione di capolavori che, nelle sue parole, sono il &#8221; frutto della selezione accurata di materie prime di alta qualit\u00e0 in combinazione con l&#8217;unicit\u00e0 e la cura di ogni processo&#8221;. L&#8217;assoluto valore di ciascuna delle nostre creazioni \u00e8 paragonabile alla perfezione di un diamante, impeccabile nel taglio, nel colore e nell&#8217;assenza di imperfezioni. <span class=\"Apple-converted-space\">&#8220;<\/span><\/span><\/p>\n[\/vc_column_text][vc_empty_space][vc_column_text]\n<p style=\"text-align: left; color: #ad996c;\">Dai valore al tuo ambiente con il concetto di Elite Stone per l&#8217;interior design di lusso.<\/p>\n[\/vc_column_text][vc_empty_space][vc_btn title=&#8221;VISITA IL NOSTRO SHOWROOM&#8221; color=&#8221;white&#8221; custom_onclick=&#8221;true&#8221; css=&#8221;.vc_custom_1653643835414{border-top-width: 1px !important;border-right-width: 1px !important;border-bottom-width: 1px !important;border-left-width: 1px !important;border-left-color: #000000 !important;border-left-style: solid !important;border-right-color: #000000 !important;border-right-style: solid !important;border-top-color: #000000 !important;border-top-style: solid !important;border-bottom-color: #000000 !important;border-bottom-style: solid !important;}&#8221; link=&#8221;url:https%3A%2F%2Fshop.elitestone.it%2Fit%2Fshowroom%2F|&#8221;][\/vc_column][vc_column width=&#8221;1\/2&#8243;][vc_single_image image=&#8221;2045&#8243; img_size=&#8221;full&#8221; alignment=&#8221;center&#8221;][\/vc_column][\/vc_row][vc_row gap=&#8221;30&#8243; css=&#8221;.vc_custom_1652787408522{margin-bottom: 0px !important;padding-top: 30px !important;padding-bottom: 30px !important;background-color: #f2f2f2 !important;}&#8221;][vc_column][vc_column_text]<div class=\"vc_row-full-width vc_clearfix\"><\/div>\n<div class=\"section-element vc_custom_1638377022172\"><div class=\"container\"><div class=\"row\"><div class=\"customCta wpb_column column_container col-sm-4\"><div class=\"vc_column-inner\"><div class=\"wpb_wrapper\">\n\t<div class=\"wpb_single_image wpb_content_element vc_align_center\">\n\n\t\t<figure class=\"wpb_wrapper vc_figure\">\n\t\t\t<a href=\"https:\/\/shop.elitestone.it\/realized-projects\/\" target=\"_self\" class=\"vc_single_image-wrapper   vc_box_border_grey\"><img decoding=\"async\" width=\"141\" height=\"143\" data-src=\"https:\/\/shopdevelitestone.escagency.it\/wp-content\/uploads\/2021\/12\/lasciati_ispirare.png\" class=\"vc_single_image-img attachment-thumbnail lazyload\" alt=\"\" loading=\"lazy\" src=\"data:image\/gif;base64,R0lGODlhAQABAAAAACH5BAEKAAEALAAAAAABAAEAAAICTAEAOw==\" style=\"--smush-placeholder-width: 141px; --smush-placeholder-aspect-ratio: 141\/143;\"><noscript><img decoding=\"async\" width=\"141\" height=\"143\" src=\"https:\/\/shopdevelitestone.escagency.it\/wp-content\/uploads\/2021\/12\/lasciati_ispirare.png\" class=\"vc_single_image-img attachment-thumbnail\" alt=\"\" loading=\"lazy\"><\/noscript><\/a>\n\t\t<\/figure>\n\t<\/div>\n<section class=\"vc_cta3-container\"><div class=\"vc_general vc_cta3 vc_cta3-style-classic vc_cta3-shape-square vc_cta3-align-center vc_cta3-color-white vc_cta3-icon-size-md\"><div class=\"vc_cta3_content-container\"><div class=\"vc_cta3-content\"><header class=\"vc_cta3-content-header\"><h2>GET INSPIRED<\/h2><h4>Look at the projects we have created and get inspired<\/h4><\/header><\/div><\/div><\/div><\/section><\/div><\/div><\/div><div class=\"customCta wpb_column column_container col-sm-4\"><div class=\"vc_column-inner\"><div class=\"wpb_wrapper\">\n\t<div class=\"wpb_single_image wpb_content_element vc_align_center\">\n\n\t\t<figure class=\"wpb_wrapper vc_figure\">\n\t\t\t<a href=\"https:\/\/shop.elitestone.it\/how-to-order-on-elite-stone\/\" target=\"_self\" class=\"vc_single_image-wrapper   vc_box_border_grey\"><img decoding=\"async\" width=\"146\" height=\"142\" data-src=\"https:\/\/shopdevelitestone.escagency.it\/wp-content\/uploads\/2021\/12\/come_ordinare.png\" class=\"vc_single_image-img attachment-thumbnail lazyload\" alt=\"\" loading=\"lazy\" src=\"data:image\/gif;base64,R0lGODlhAQABAAAAACH5BAEKAAEALAAAAAABAAEAAAICTAEAOw==\" style=\"--smush-placeholder-width: 146px; --smush-placeholder-aspect-ratio: 146\/142;\"><noscript><img decoding=\"async\" width=\"146\" height=\"142\" src=\"https:\/\/shopdevelitestone.escagency.it\/wp-content\/uploads\/2021\/12\/come_ordinare.png\" class=\"vc_single_image-img attachment-thumbnail\" alt=\"\" loading=\"lazy\"><\/noscript><\/a>\n\t\t<\/figure>\n\t<\/div>\n<section class=\"vc_cta3-container\"><div class=\"vc_general vc_cta3 vc_cta3-style-classic vc_cta3-shape-square vc_cta3-align-center vc_cta3-color-white vc_cta3-icon-size-md\"><div class=\"vc_cta3_content-container\"><div class=\"vc_cta3-content\"><header class=\"vc_cta3-content-header\"><h2>HOW TO ORDER<\/h2><h4>Find out how to order and purchase Elite Stone products<\/h4><\/header><\/div><\/div><\/div><\/section><\/div><\/div><\/div><div class=\"customCta wpb_column column_container col-sm-4\"><div class=\"vc_column-inner\"><div class=\"wpb_wrapper\">\n\t<div class=\"wpb_single_image wpb_content_element vc_align_center\">\n\n\t\t<figure class=\"wpb_wrapper vc_figure\">\n\t\t\t<a href=\"https:\/\/shop.elitestone.it\/showroom\/\" target=\"_self\" class=\"vc_single_image-wrapper   vc_box_border_grey\"><img decoding=\"async\" width=\"146\" height=\"145\" data-src=\"https:\/\/shopdevelitestone.escagency.it\/wp-content\/uploads\/2021\/12\/vieni_in_showroom.png\" class=\"vc_single_image-img attachment-thumbnail lazyload\" alt=\"\" loading=\"lazy\" data-srcset=\"https:\/\/shopdevelitestone.escagency.it\/wp-content\/uploads\/2021\/12\/vieni_in_showroom.png 146w, https:\/\/shopdevelitestone.escagency.it\/wp-content\/uploads\/2021\/12\/vieni_in_showroom-140x140.png 140w\" data-sizes=\"auto, (max-width: 146px) 100vw, 146px\" src=\"data:image\/gif;base64,R0lGODlhAQABAAAAACH5BAEKAAEALAAAAAABAAEAAAICTAEAOw==\" style=\"--smush-placeholder-width: 146px; --smush-placeholder-aspect-ratio: 146\/145;\"><noscript><img decoding=\"async\" width=\"146\" height=\"145\" src=\"https:\/\/shopdevelitestone.escagency.it\/wp-content\/uploads\/2021\/12\/vieni_in_showroom.png\" class=\"vc_single_image-img attachment-thumbnail\" alt=\"\" loading=\"lazy\" srcset=\"https:\/\/shopdevelitestone.escagency.it\/wp-content\/uploads\/2021\/12\/vieni_in_showroom.png 146w, https:\/\/shopdevelitestone.escagency.it\/wp-content\/uploads\/2021\/12\/vieni_in_showroom-140x140.png 140w\" sizes=\"auto, (max-width: 146px) 100vw, 146px\"><\/noscript><\/a>\n\t\t<\/figure>\n\t<\/div>\n<section class=\"vc_cta3-container\"><div class=\"vc_general vc_cta3 vc_cta3-style-classic vc_cta3-shape-square vc_cta3-align-center vc_cta3-color-white vc_cta3-icon-size-md\"><div class=\"vc_cta3_content-container\"><div class=\"vc_cta3-content\"><header class=\"vc_cta3-content-header\"><h2>COME TO THE SHOWROOM<\/h2><h4>See and touch the quality of our materials for yourself<\/h4><\/header><\/div><\/div><\/div><\/section><\/div><\/div><\/div><\/div><\/div><\/div>[\/vc_column_text][\/vc_column][\/vc_row]\n","protected":false},"excerpt":{"rendered":"<p>[vc_row css=&#8221;.vc_custom_1652777410395{padding-top: 200px !important;padding-bottom: 200px !important;background-image: url(https:\/\/shop.elitestone.it\/wp-content\/uploads\/2022\/05\/Tetyana-marm-img-header-elite-stone-tiny.jpg?id=2048) !important;background-position: center !important;background-repeat: no-repeat !important;background-size: cover !important;}&#8221;][vc_column width=&#8221;2\/3&#8243;][vc_custom_heading text=&#8221;Selezioniamo personalmente i marmi pi\u00f9 pregiati per creare oggetti dal design esclusivo.&#8221; font_container=&#8221;tag:h2|font_size:46|text_align:left|color:%23ffffff&#8221; use_theme_fonts=&#8221;yes&#8221; sub_heading_tag=&#8221;span&#8221;][\/vc_column][vc_column &hellip;<\/p>\n","protected":false},"author":1,"featured_media":0,"parent":0,"menu_order":0,"comment_status":"closed","ping_status":"closed","template":"page-templates\/page-template.php","meta":{"om_disable_all_campaigns":false,"footnotes":""},"class_list":["post-5320","page","type-page","status-publish","hentry"],"aioseo_notices":[],"_links":{"self":[{"href":"https:\/\/shop.elitestone.it\/it\/wp-json\/wp\/v2\/pages\/5320","targetHints":{"allow":["GET"]}}],"collection":[{"href":"https:\/\/shop.elitestone.it\/it\/wp-json\/wp\/v2\/pages"}],"about":[{"href":"https:\/\/shop.elitestone.it\/it\/wp-json\/wp\/v2\/types\/page"}],"author":[{"embeddable":true,"href":"https:\/\/shop.elitestone.it\/it\/wp-json\/wp\/v2\/users\/1"}],"replies":[{"embeddable":true,"href":"https:\/\/shop.elitestone.it\/it\/wp-json\/wp\/v2\/comments?post=5320"}],"version-history":[{"count":19,"href":"https:\/\/shop.elitestone.it\/it\/wp-json\/wp\/v2\/pages\/5320\/revisions"}],"predecessor-version":[{"id":5777,"href":"https:\/\/shop.elitestone.it\/it\/wp-json\/wp\/v2\/pages\/5320\/revisions\/5777"}],"wp:attachment":[{"href":"https:\/\/shop.elitestone.it\/it\/wp-json\/wp\/v2\/media?parent=5320"}],"curies":[{"name":"wp","href":"https:\/\/api.w.org\/{rel}","templated":true}]}}