{"id":5301,"date":"2022-08-01T09:13:27","date_gmt":"2022-08-01T07:13:27","guid":{"rendered":"https:\/\/shop.elitestone.it\/servizio-su-misura\/"},"modified":"2022-08-05T14:19:31","modified_gmt":"2022-08-05T12:19:31","slug":"servizio-su-misura","status":"publish","type":"page","link":"https:\/\/shop.elitestone.it\/it\/servizio-su-misura\/","title":{"rendered":"Servizio su misura"},"content":{"rendered":"[vc_row css=&#8221;.vc_custom_1652869415038{padding-top: 200px !important;padding-bottom: 200px !important;background-image: url(https:\/\/shop.elitestone.it\/wp-content\/uploads\/2022\/05\/tailor-made-header.jpg?id=2199) !important;background-position: center !important;background-repeat: no-repeat !important;background-size: cover !important;}&#8221;][vc_column width=&#8221;2\/3&#8243;][vc_custom_heading text=&#8221;Servizio su misura&#8221; font_container=&#8221;tag:h2|font_size:46|text_align:left|color:%23ffffff&#8221; use_theme_fonts=&#8221;yes&#8221; sub_heading_tag=&#8221;span&#8221;][\/vc_column][vc_column width=&#8221;1\/3&#8243;][\/vc_column][\/vc_row][vc_row css=&#8221;.vc_custom_1652777991752{margin-top: 70px !important;margin-bottom: 30px !important;}&#8221; el_class=&#8221;about-middle&#8221;][vc_column][vc_custom_heading text=&#8221;Servizio su misura&#8221; font_container=&#8221;tag:h2|font_size:36|text_align:center|color:%23000000&#8243; use_theme_fonts=&#8221;yes&#8221; sub_heading_tag=&#8221;span&#8221;][\/vc_column][\/vc_row][vc_row][vc_column width=&#8221;1\/6&#8243;][\/vc_column][vc_column width=&#8221;2\/3&#8243;][vc_column_text]\n<p style=\"text-align: center;\">Elite Stone \u00e8 un&#8217;azienda Made in Italy di <strong>pietre naturali di lusso<\/strong> specializzata nella <strong>produzione di lastre e blocchi<\/strong> e nella realizzazione dei <strong>progetti pi\u00f9 prestigiosi al mondo.<\/strong> Oltre <strong>200.000 mq<\/strong> <strong>di vari materiali<\/strong> e oltre <strong>9.000 tonnellate di blocchi<\/strong> provenienti dalle nostre cave sono esposti nel nostro showroom, che offre la <strong>migliore selezione di pietra naturale italiana.<\/strong><\/p>\n[\/vc_column_text][\/vc_column][vc_column width=&#8221;1\/6&#8243;][\/vc_column][\/vc_row][vc_row gap=&#8221;35&#8243; equal_height=&#8221;yes&#8221; content_placement=&#8221;middle&#8221; css=&#8221;.vc_custom_1652870378677{margin-top: 120px !important;margin-bottom: 70px !important;}&#8221;][vc_column width=&#8221;1\/2&#8243;][vc_single_image image=&#8221;2188&#8243; img_size=&#8221;full&#8221; alignment=&#8221;center&#8221;][\/vc_column][vc_column width=&#8221;1\/2&#8243; css=&#8221;.vc_custom_1652785801010{margin-top: 20% !important;padding-right: 40px !important;padding-left: 40px !important;}&#8221;][vc_custom_heading text=&#8221;Pietre naturali Made in Italy.&#8221; font_container=&#8221;tag:h2|font_size:36|text_align:left|color:%23000000&#8243; use_theme_fonts=&#8221;yes&#8221; sub_heading_tag=&#8221;span&#8221;][vc_empty_space][vc_column_text]Lo <strong>showroom Elite Stone Verona <\/strong>vanta la pi\u00f9 grande collezione al mondo di lussuosi marmi bianchi italiani come <strong>Calacatta, Statuario, Arabescato, Carrara e Bianco Lasa, oltre a una grande variet\u00e0 di marmi colorati e onici.<\/strong><\/p>\n<p><strong>ES Atelier<\/strong>, <strong>la divisione progetti di Elite Stone Group,<\/strong> si avvale di un ufficio tecnico che studia meticolosamente la lavorazione del marmo, realizzando pavimenti e pareti a macchia aperta, pavimenti intarsiati, mosaici, vasche, sculture, scale, caminetti, colonne e qualsiasi progetto su misura. Da oltre vent&#8217;anni <strong>collaboriamo con importanti studi di architettura,<\/strong> designer e marchi retail di fama mondiale per fornire le migliori selezioni di pietre naturali e lavorazioni Made in Italy. L&#8217;azienda \u00e8 nota per l<strong>&#8216;alta qualit\u00e0 e la ricerca nella tecnologia di lavorazione,<\/strong> oltre che per le sue <strong>esclusive proposte di marmi e onici.<\/strong>[\/vc_column_text][vc_empty_space][\/vc_column][\/vc_row][vc_row css=&#8221;.vc_custom_1652869564089{padding-top: 150px !important;padding-bottom: 150px !important;background-image: url(https:\/\/shop.elitestone.it\/wp-content\/uploads\/2022\/05\/banner-white-marbles.jpg?id=2185) !important;background-position: center !important;background-repeat: no-repeat !important;background-size: cover !important;}&#8221;][vc_column width=&#8221;1\/2&#8243;][vc_custom_heading text=&#8221;Marmo bianco di Elite Stone&#8221; font_container=&#8221;tag:h3|font_size:36|text_align:left|color:%23000000&#8243; use_theme_fonts=&#8221;yes&#8221; sub_heading_tag=&#8221;span&#8221;][vc_column_text]Nonostante la vasta scelta di materiali, il core business di Elite Stone <strong>\u00e8 la produzione di marmi bianchi di Carrara,<\/strong> in particolare il <strong>Calacatta Borghini,<\/strong> che \u00e8 il marmo bianco pi\u00f9 pregiato per progetti esclusivi. Il suo colore si distingue per uno sfondo bianco caldo con venature che vanno dall&#8217;oro al grigio caldo; questa particolarit\u00e0 lo rende uno dei <strong>marmi bianchi pi\u00f9 pregiati sul mercato.<\/strong>[\/vc_column_text][\/vc_column][vc_column width=&#8221;1\/2&#8243;][\/vc_column][\/vc_row][vc_row css=&#8221;.vc_custom_1652777991752{margin-top: 70px !important;margin-bottom: 30px !important;}&#8221; el_class=&#8221;about-middle&#8221;][vc_column][vc_custom_heading text=&#8221;Parlaci del tuo progetto&#8221; font_container=&#8221;tag:h2|font_size:36|text_align:center|color:%23000000&#8243; use_theme_fonts=&#8221;yes&#8221; sub_heading_tag=&#8221;span&#8221;][\/vc_column][\/vc_row][vc_row][vc_column width=&#8221;1\/6&#8243;][\/vc_column][vc_column width=&#8221;2\/3&#8243;][vc_column_text]\n<p style=\"text-align: center;\"><strong>La pietra naturale \u00e8 una scelta di eleganza e cura dei dettagli <\/strong>per l&#8217;arredo di case, negozi e luoghi di lavoro, dalla cucina al bagno, dalle scale ai pavimenti, e pu\u00f2 raggiungere il suo massimo splendore con <strong>lavorazioni su misura.<\/strong> Il marmo \u00e8 un <strong>materiale unico e nobile<\/strong> che con la sua presenza pu\u00f2 qualificare sia gli spazi interni che quelli esterni, conferendo un&#8217;aria di eleganza e lusso.<\/p>\n[\/vc_column_text][\/vc_column][vc_column width=&#8221;1\/6&#8243;][\/vc_column][\/vc_row][vc_row gap=&#8221;35&#8243; equal_height=&#8221;yes&#8221; content_placement=&#8221;middle&#8221; css=&#8221;.vc_custom_1652785835201{margin-top: 70px !important;margin-bottom: 70px !important;}&#8221;][vc_column width=&#8221;1\/2&#8243; css=&#8221;.vc_custom_1652869991738{padding-right: 40px !important;padding-left: 40px !important;}&#8221;][vc_custom_heading text=&#8221;Prima fase: la consulenza&#8221; font_container=&#8221;tag:h2|font_size:36|text_align:left|color:%23000000&#8243; use_theme_fonts=&#8221;yes&#8221; sub_heading_tag=&#8221;span&#8221;][vc_empty_space][vc_column_text]La prima fase \u00e8 la consulenza: i clienti descrivono l&#8217;ambiente che vogliono creare, lo stile e la sensazione che vogliono percepire quando vedono il prodotto finito. A questo punto, utilizziamo la nostra esperienza per <strong>consigliare la pietra naturale che soddisfa i requisiti progettuali,<\/strong> considerando le qualit\u00e0 fisiche, le propriet\u00e0, il colore e la finitura del materiale<\/p>\n<p>Quando scegli i materiali, puoi <strong>venire a vedere di persona i nostri marmi nell&#8217;area espositiva <\/strong>(abbiamo oltre 200.000 metri quadrati di lastre pronte per la spedizione), dove puoi anche trovare diversi esempi di tavoli, tavolini, pettineuse o pannelli retroilluminati. <strong>Di solito consigliamo di venire a vedere i materiali fisicamente, se ne hai la possibilit\u00e0.<\/strong>[\/vc_column_text][vc_empty_space height=&#8221;52px&#8221;][vc_row_inner][vc_column_inner width=&#8221;1\/3&#8243; css=&#8221;.vc_custom_1657726672167{margin-bottom: 20px !important;}&#8221;][vc_single_image image=&#8221;2194&#8243; img_size=&#8221;full&#8221; alignment=&#8221;center&#8221; onclick=&#8221;link_image&#8221;][\/vc_column_inner][vc_column_inner width=&#8221;1\/3&#8243; css=&#8221;.vc_custom_1657726677661{margin-bottom: 20px !important;}&#8221;][vc_single_image image=&#8221;2192&#8243; img_size=&#8221;full&#8221; alignment=&#8221;center&#8221; onclick=&#8221;link_image&#8221;][\/vc_column_inner][vc_column_inner width=&#8221;1\/3&#8243; css=&#8221;.vc_custom_1657726683123{margin-bottom: 20px !important;}&#8221;][vc_single_image image=&#8221;2198&#8243; img_size=&#8221;full&#8221; alignment=&#8221;center&#8221; onclick=&#8221;link_image&#8221;][\/vc_column_inner][\/vc_row_inner][\/vc_column][vc_column width=&#8221;1\/2&#8243;][vc_single_image image=&#8221;2188&#8243; img_size=&#8221;full&#8221; alignment=&#8221;center&#8221;][\/vc_column][\/vc_row][vc_row css=&#8221;.vc_custom_1652777991752{margin-top: 70px !important;margin-bottom: 30px !important;}&#8221; el_class=&#8221;about-middle&#8221;][vc_column][vc_custom_heading text=&#8221;Progetti realizzati&#8221; font_container=&#8221;tag:h2|font_size:36|text_align:center|color:%23000000&#8243; use_theme_fonts=&#8221;yes&#8221; sub_heading_tag=&#8221;span&#8221;][\/vc_column][\/vc_row][vc_row][vc_column width=&#8221;1\/6&#8243;][\/vc_column][vc_column width=&#8221;2\/3&#8243;][vc_column_text]\n<p style=\"text-align: center;\"><strong>La pietra naturale \u00e8 un materiale versatile<\/strong> che pu\u00f2 essere utilizzato in una grande variet\u00e0 di stili, ma <strong>\u00e8 fondamentale scegliere il materiale adatto per ogni progetto.<\/strong> Il nostro servizio personalizzato, basato sulla nostra esperienza nel settore del mobile e del design del marmo, ci ha permesso <strong>di affrontare una vasta gamma di ostacoli e costruire bagni, cucine, soggiorni e scale perfetti, sia nelle case private che negli uffici.<\/strong> Inoltre, teatri, luoghi di culto, negozi al dettaglio, yacht, piscine, centri estetici, ristoranti e bar sono esempi di <strong>progetti <\/strong>che abbiamo creato.<\/p>\n[\/vc_column_text][\/vc_column][vc_column width=&#8221;1\/6&#8243;][\/vc_column][\/vc_row][vc_row gap=&#8221;35&#8243; equal_height=&#8221;yes&#8221; content_placement=&#8221;middle&#8221; css=&#8221;.vc_custom_1652785835201{margin-top: 70px !important;margin-bottom: 70px !important;}&#8221;][vc_column width=&#8221;1\/2&#8243;][vc_single_image image=&#8221;2190&#8243; img_size=&#8221;full&#8221; alignment=&#8221;center&#8221;][\/vc_column][vc_column width=&#8221;1\/2&#8243; css=&#8221;.vc_custom_1652785801010{margin-top: 20% !important;padding-right: 40px !important;padding-left: 40px !important;}&#8221;][vc_custom_heading text=&#8221;Realizziamo i tuoi sogni&#8221; font_container=&#8221;tag:h2|font_size:36px|text_align:left&#8221; use_theme_fonts=&#8221;yes&#8221;][vc_empty_space][vc_column_text]Il <strong>bagno<\/strong> \u00e8 da sempre il re degli ambienti in marmo, dove possiamo progettare pavimenti, rivestimenti e pareti in ordine o a macchia aperta, oltre a manufatti come vasche, lavandini e piatti doccia in marmo e onice.<\/p>\n<p>Lavelli, top cucina, piani di lavoro, piani cottura, tavoli, pavimenti e pareti possono essere utilizzati per creare un ambiente elegante ma utile in <strong>cucina<\/strong>.<\/p>\n<p>Per ambienti domestici come il <strong>soggiorno<\/strong> o la sala da pranzo, possiamo realizzare elementi decorativi in pietra come tavoli, camini dalle linee classiche o moderne, librerie, scale e colonne con l&#8217;obiettivo di creare un grande effetto scenografico in qualsiasi contesto.<\/p>\n<p>Oltre alla fornitura di materiali e alla progettazione di ambienti lussuosi, offriamo anche <strong>prodotti in marmo di grande valore<\/strong>, come tavoli, specchi, pareti ornamentali, vasi, tavoli per il trucco, sculture e oggetti per il design del marmo tradizionale e moderno, per dare all&#8217;ambiente un&#8217;eleganza e una grazia senza tempo.[\/vc_column_text][vc_empty_space][\/vc_column][\/vc_row][vc_row fullwidth=&#8221;1&#8243; el_class=&#8221;banner-middle&#8221; css=&#8221;.vc_custom_1653461360664{padding-top: 200px !important;padding-bottom: 200px !important;background-image: url(https:\/\/shop.elitestone.it\/wp-content\/uploads\/2022\/05\/header-projects.jpg?id=2315) !important;background-position: center !important;background-repeat: no-repeat !important;background-size: cover !important;}&#8221;][vc_column][vc_column_text]<span class=\"spansmall\" style=\"color: #fff;\">Immergetevi nella bellezza intrinseca del marmo.<br \/>\n<\/span><\/p>\n<p><strong><span style=\"color: #fff; font-size: 48px; line-height: 48px; font-weight: bold;\">Esplora alcuni dei nostri progetti.<\/span><\/strong><\/p>\n<a href=\"https:\/\/shop.elitestone.it\/realized-projects\/\" class=\"su-button su-button-style-default\" style=\"color:#fff;background-color:#transparent;border-color:#transparent;border-radius:0px\" target=\"_self\"><span style=\"color:#fff;padding:0px 16px;font-size:13px;line-height:26px;border-color:#transparent;border-radius:0px;text-shadow:none\"> GUARDA I NOSTRI PROGETTI<\/span><\/a>\n[\/vc_column_text][\/vc_column][\/vc_row]\n","protected":false},"excerpt":{"rendered":"<p>[vc_row css=&#8221;.vc_custom_1652869415038{padding-top: 200px !important;padding-bottom: 200px !important;background-image: url(https:\/\/shop.elitestone.it\/wp-content\/uploads\/2022\/05\/tailor-made-header.jpg?id=2199) !important;background-position: center !important;background-repeat: no-repeat !important;background-size: cover !important;}&#8221;][vc_column width=&#8221;2\/3&#8243;][vc_custom_heading text=&#8221;Servizio su misura&#8221; font_container=&#8221;tag:h2|font_size:46|text_align:left|color:%23ffffff&#8221; use_theme_fonts=&#8221;yes&#8221; sub_heading_tag=&#8221;span&#8221;][\/vc_column][vc_column width=&#8221;1\/3&#8243;][\/vc_column][\/vc_row][vc_row css=&#8221;.vc_custom_1652777991752{margin-top: 70px !important;margin-bottom: 30px !important;}&#8221; el_class=&#8221;about-middle&#8221;][vc_column][vc_custom_heading text=&#8221;Servizio su &hellip;<\/p>\n","protected":false},"author":1,"featured_media":0,"parent":0,"menu_order":0,"comment_status":"closed","ping_status":"closed","template":"page-templates\/page-template.php","meta":{"om_disable_all_campaigns":false,"footnotes":""},"class_list":["post-5301","page","type-page","status-publish","hentry"],"aioseo_notices":[],"_links":{"self":[{"href":"https:\/\/shop.elitestone.it\/it\/wp-json\/wp\/v2\/pages\/5301","targetHints":{"allow":["GET"]}}],"collection":[{"href":"https:\/\/shop.elitestone.it\/it\/wp-json\/wp\/v2\/pages"}],"about":[{"href":"https:\/\/shop.elitestone.it\/it\/wp-json\/wp\/v2\/types\/page"}],"author":[{"embeddable":true,"href":"https:\/\/shop.elitestone.it\/it\/wp-json\/wp\/v2\/users\/1"}],"replies":[{"embeddable":true,"href":"https:\/\/shop.elitestone.it\/it\/wp-json\/wp\/v2\/comments?post=5301"}],"version-history":[{"count":29,"href":"https:\/\/shop.elitestone.it\/it\/wp-json\/wp\/v2\/pages\/5301\/revisions"}],"predecessor-version":[{"id":5796,"href":"https:\/\/shop.elitestone.it\/it\/wp-json\/wp\/v2\/pages\/5301\/revisions\/5796"}],"wp:attachment":[{"href":"https:\/\/shop.elitestone.it\/it\/wp-json\/wp\/v2\/media?parent=5301"}],"curies":[{"name":"wp","href":"https:\/\/api.w.org\/{rel}","templated":true}]}}